{"id":13874,"date":"2026-04-27T11:37:39","date_gmt":"2026-04-27T09:37:39","guid":{"rendered":"https:\/\/smartcontrol.ee\/shop\/hikvision-videofono-uksepaneel-ds-kv9503-wbe1\/"},"modified":"2026-04-27T11:37:39","modified_gmt":"2026-04-27T09:37:39","slug":"hikvision-videofono-uksepaneel-ds-kv9503-wbe1","status":"publish","type":"product","link":"https:\/\/smartcontrol.ee\/ru\/magazin\/hikvision-videofono-uksepaneel-ds-kv9503-wbe1\/","title":{"rendered":"Hikvision Videofono uksepaneel DS-KV9503-WBE1"},"content":{"rendered":"<p data-start=\"0\" data-end=\"135\">KV9 seeria IP n\u00e4otuvastusega uksepaneel 4,3-tollise k\u00f5rge eraldusv\u00f5imega puuteekraaniga tagab sujuva ja mugava kasutuskogemuse.<\/p>\n<p data-start=\"137\" data-end=\"317\">Seade toetab mitmeid autentimisviise, nagu n\u00e4otuvastus, QR-kood, kaart ja f\u00fc\u00fcsiline nupp, sobides erinevatesse kasutuskeskkondadesse ning v\u00f5imaldades mugavat ligip\u00e4\u00e4su haldamist.<\/p>\n<p data-start=\"319\" data-end=\"468\">Uksepaneel kasutab standardset PoE toidet, mist\u00f5ttu ei ole vaja eraldi toitekaablit. See muudab paigalduse ja kasutuselev\u00f5tu lihtsaks ning kiireks.<\/p>\n<p data-start=\"470\" data-end=\"612\" data-is-last-node=\"\" data-is-only-node=\"\">K\u00f5rge kaitseklassiga seade sobib ideaalselt villadesse, kontoritesse, luksuslikesse korterelamutesse ning teistesse esinduslikesse hoonetesse.<\/p>\n<h4>\u00dcldandmed<\/h4>\n<table>\n<thead>\n<tr>\n<th>Omadus<\/th>\n<th>V\u00e4\u00e4rtus<\/th>\n<\/tr>\n<\/thead>\n<tbody>\n<tr>\n<td>Nupp<\/td>\n<td>1 f\u00fc\u00fcsiline nupp<\/td>\n<\/tr>\n<tr>\n<td>Paigaldusviis<\/td>\n<td>Pinnapealne paigaldus<\/td>\n<\/tr>\n<tr>\n<td>Indikaator<\/td>\n<td>\/<\/td>\n<\/tr>\n<tr>\n<td>Netokaal<\/td>\n<td>0,405 kg<\/td>\n<\/tr>\n<tr>\n<td>Brutokaal<\/td>\n<td>0,752 kg<\/td>\n<\/tr>\n<tr>\n<td>Kaitseklass<\/td>\n<td>IP65, IK08<\/td>\n<\/tr>\n<tr>\n<td>T\u00f6\u00f6temperatuur<\/td>\n<td>-40 \u00b0C kuni 60 \u00b0C<\/td>\n<\/tr>\n<tr>\n<td>T\u00f6\u00f6keskkonna niiskus<\/td>\n<td>10% kuni 90% (kondensatsioonita)<\/td>\n<\/tr>\n<tr>\n<td>M\u00f5\u00f5tmed (L \u00d7 K \u00d7 S)<\/td>\n<td>182 \u00d7 85 \u00d7 26 mm<\/td>\n<\/tr>\n<tr>\n<td>Aku<\/td>\n<td>\/<\/td>\n<\/tr>\n<tr>\n<td>Toiteallikas<\/td>\n<td>12 V DC, 1,5 A; IEEE802.3af, standardne PoE<\/td>\n<\/tr>\n<tr>\n<td>Kasutuskeskkond<\/td>\n<td>V\u00e4litingimused<\/td>\n<\/tr>\n<tr>\n<td>Energiatarve<\/td>\n<td>\u2264 6 W<\/td>\n<\/tr>\n<\/tbody>\n<\/table>\n<p>&nbsp;<\/p>\n<p><a href=\"https:\/\/smartcontrol.ee\/wp-content\/uploads\/2026\/04\/Datasheet.pdf\">Datasheet<\/a><\/p>\n<p><a href=\"https:\/\/smartcontrol.ee\/wp-content\/uploads\/2026\/04\/Manual-1.pdf\">Manual<\/a><\/p>\n<p><a href=\"https:\/\/smartcontrol.ee\/wp-content\/uploads\/2026\/04\/Quick-Start-Guide-1.pdf\">Quick Start Guide<\/a><\/p>\n<p><a href=\"https:\/\/www.hikvision.com\/en\/products\/Video-Intercom-Products\/IP-Series\/ultra-series\/ds-kv9503-wbe1\/?q=ip%20door%20station%20multiple%20authentication%20outdoor&amp;pageNum=1&amp;position=2&amp;hiksearch=true\">T\u00e4psem info ja tehnilised andmed<\/a><\/p>\n<p>&nbsp;<\/p>\n","protected":false},"excerpt":{"rendered":"<h4>Metallist vandaalikindel n\u00e4otuvastusega IP uksepaneel<\/h4>\n<ul>\n<li>4,3-tolline v\u00e4rviline LCD-ekraan eraldusv\u00f5imega 800 \u00d7 480<\/li>\n<li>2 \u00d7 2 MP kaamera infrapunavalgustusega<\/li>\n<li>\u00dche vajutusega f\u00fc\u00fcsiline nupp mugavamaks helistamiseks<\/li>\n<li>Standardne PoE toide<\/li>\n<li>K\u00f5rgem kaitseklass: IK08 ja IP65<\/li>\n<li>Mitmed autentimisviisid: n\u00e4otuvastus, PIN-kood, kaart, QR-kood, Bluetooth<\/li>\n<li>Helistamine otse Hik-Connect rakendusse ilma sisejaamata<\/li>\n<\/ul>\n<p>&nbsp;<\/p>\n","protected":false},"featured_media":13827,"template":"","meta":[],"product_brand":[301],"product_cat":[208,210],"product_tag":[302,303,304],"class_list":{"0":"post-13874","1":"product","2":"type-product","3":"status-publish","4":"has-post-thumbnail","6":"product_brand-hikvision","7":"product_cat-bezopasnost","8":"product_cat-domofonnye-sistemy","9":"product_tag-face-recognition","10":"product_tag-ip-door-station","11":"product_tag-videofono","12":"description-off","14":"first","15":"onbackorder","16":"taxable","17":"shipping-taxable","18":"purchasable","19":"product-type-simple"},"yoast_head":"<!-- This site is optimized with the Yoast SEO plugin v27.4 - https:\/\/yoast.com\/product\/yoast-seo-wordpress\/ -->\n<title>Hikvision Videofono uksepaneel DS-KV9503-WBE1 - Smart Control<\/title>\n<meta name=\"robots\" content=\"index, follow, max-snippet:-1, max-image-preview:large, max-video-preview:-1\" \/>\n<link rel=\"canonical\" href=\"https:\/\/smartcontrol.ee\/ru\/magazin\/hikvision-videofono-uksepaneel-ds-kv9503-wbe1\/\" \/>\n<meta property=\"og:locale\" content=\"ru_RU\" \/>\n<meta property=\"og:type\" content=\"article\" \/>\n<meta property=\"og:title\" content=\"Hikvision Videofono uksepaneel DS-KV9503-WBE1 - Smart Control\" \/>\n<meta property=\"og:description\" content=\"Metallist vandaalikindel n\u00e4otuvastusega IP uksepaneel   4,3-tolline v\u00e4rviline LCD-ekraan eraldusv\u00f5imega 800 \u00d7 480  2 \u00d7 2 MP kaamera infrapunavalgustusega  \u00dche vajutusega f\u00fc\u00fcsiline nupp mugavamaks helistamiseks  Standardne PoE toide  K\u00f5rgem kaitseklass: IK08 ja IP65  Mitmed autentimisviisid: n\u00e4otuvastus, PIN-kood, kaart, QR-kood, Bluetooth  Helistamine otse Hik-Connect rakendusse ilma sisejaamata  &nbsp;\" \/>\n<meta property=\"og:url\" content=\"https:\/\/smartcontrol.ee\/ru\/magazin\/hikvision-videofono-uksepaneel-ds-kv9503-wbe1\/\" \/>\n<meta property=\"og:site_name\" content=\"Smart Control\" \/>\n<meta property=\"article:publisher\" content=\"https:\/\/www.facebook.com\/smartcontrol4you\" \/>\n<script type=\"application\/ld+json\" class=\"yoast-schema-graph\">{\"@context\":\"https:\\\/\\\/schema.org\",\"@graph\":[{\"@type\":\"WebPage\",\"@id\":\"https:\\\/\\\/smartcontrol.ee\\\/ru\\\/magazin\\\/hikvision-videofono-uksepaneel-ds-kv9503-wbe1\\\/\",\"url\":\"https:\\\/\\\/smartcontrol.ee\\\/ru\\\/magazin\\\/hikvision-videofono-uksepaneel-ds-kv9503-wbe1\\\/\",\"name\":\"Hikvision Videofono uksepaneel DS-KV9503-WBE1 - Smart Control\",\"isPartOf\":{\"@id\":\"https:\\\/\\\/smartcontrol.ee\\\/ru\\\/#website\"},\"primaryImageOfPage\":{\"@id\":\"https:\\\/\\\/smartcontrol.ee\\\/ru\\\/magazin\\\/hikvision-videofono-uksepaneel-ds-kv9503-wbe1\\\/#primaryimage\"},\"image\":{\"@id\":\"https:\\\/\\\/smartcontrol.ee\\\/ru\\\/magazin\\\/hikvision-videofono-uksepaneel-ds-kv9503-wbe1\\\/#primaryimage\"},\"thumbnailUrl\":\"https:\\\/\\\/smartcontrol.ee\\\/wp-content\\\/uploads\\\/2026\\\/04\\\/Screenshot-2026-04-27-at-12.34.15.jpeg\",\"datePublished\":\"2026-04-27T09:37:39+00:00\",\"breadcrumb\":{\"@id\":\"https:\\\/\\\/smartcontrol.ee\\\/ru\\\/magazin\\\/hikvision-videofono-uksepaneel-ds-kv9503-wbe1\\\/#breadcrumb\"},\"inLanguage\":\"ru-RU\",\"potentialAction\":[{\"@type\":\"ReadAction\",\"target\":[\"https:\\\/\\\/smartcontrol.ee\\\/ru\\\/magazin\\\/hikvision-videofono-uksepaneel-ds-kv9503-wbe1\\\/\"]}]},{\"@type\":\"ImageObject\",\"inLanguage\":\"ru-RU\",\"@id\":\"https:\\\/\\\/smartcontrol.ee\\\/ru\\\/magazin\\\/hikvision-videofono-uksepaneel-ds-kv9503-wbe1\\\/#primaryimage\",\"url\":\"https:\\\/\\\/smartcontrol.ee\\\/wp-content\\\/uploads\\\/2026\\\/04\\\/Screenshot-2026-04-27-at-12.34.15.jpeg\",\"contentUrl\":\"https:\\\/\\\/smartcontrol.ee\\\/wp-content\\\/uploads\\\/2026\\\/04\\\/Screenshot-2026-04-27-at-12.34.15.jpeg\",\"width\":774,\"height\":774,\"caption\":\"Screenshot\"},{\"@type\":\"BreadcrumbList\",\"@id\":\"https:\\\/\\\/smartcontrol.ee\\\/ru\\\/magazin\\\/hikvision-videofono-uksepaneel-ds-kv9503-wbe1\\\/#breadcrumb\",\"itemListElement\":[{\"@type\":\"ListItem\",\"position\":1,\"name\":\"\u041c\u0430\u0433\u0430\u0437\u0438\u043d\",\"item\":\"https:\\\/\\\/smartcontrol.ee\\\/ru\\\/magazin\\\/\"},{\"@type\":\"ListItem\",\"position\":2,\"name\":\"Hikvision Videofono uksepaneel DS-KV9503-WBE1\"}]},{\"@type\":\"WebSite\",\"@id\":\"https:\\\/\\\/smartcontrol.ee\\\/ru\\\/#website\",\"url\":\"https:\\\/\\\/smartcontrol.ee\\\/ru\\\/\",\"name\":\"Smart Control\",\"description\":\"Nutikodu lahendused\",\"publisher\":{\"@id\":\"https:\\\/\\\/smartcontrol.ee\\\/ru\\\/#organization\"},\"potentialAction\":[{\"@type\":\"SearchAction\",\"target\":{\"@type\":\"EntryPoint\",\"urlTemplate\":\"https:\\\/\\\/smartcontrol.ee\\\/ru\\\/?s={search_term_string}\"},\"query-input\":{\"@type\":\"PropertyValueSpecification\",\"valueRequired\":true,\"valueName\":\"search_term_string\"}}],\"inLanguage\":\"ru-RU\"},{\"@type\":\"Organization\",\"@id\":\"https:\\\/\\\/smartcontrol.ee\\\/ru\\\/#organization\",\"name\":\"Smart Control\",\"url\":\"https:\\\/\\\/smartcontrol.ee\\\/ru\\\/\",\"logo\":{\"@type\":\"ImageObject\",\"inLanguage\":\"ru-RU\",\"@id\":\"https:\\\/\\\/smartcontrol.ee\\\/ru\\\/#\\\/schema\\\/logo\\\/image\\\/\",\"url\":\"https:\\\/\\\/smartcontrol.ee\\\/wp-content\\\/uploads\\\/2024\\\/01\\\/SmartControl-296x220-1.png\",\"contentUrl\":\"https:\\\/\\\/smartcontrol.ee\\\/wp-content\\\/uploads\\\/2024\\\/01\\\/SmartControl-296x220-1.png\",\"width\":296,\"height\":220,\"caption\":\"Smart Control\"},\"image\":{\"@id\":\"https:\\\/\\\/smartcontrol.ee\\\/ru\\\/#\\\/schema\\\/logo\\\/image\\\/\"},\"sameAs\":[\"https:\\\/\\\/www.facebook.com\\\/smartcontrol4you\"]}]}<\/script>\n<!-- \/ Yoast SEO plugin. -->","yoast_head_json":{"title":"Hikvision Videofono uksepaneel DS-KV9503-WBE1 - Smart Control","robots":{"index":"index","follow":"follow","max-snippet":"max-snippet:-1","max-image-preview":"max-image-preview:large","max-video-preview":"max-video-preview:-1"},"canonical":"https:\/\/smartcontrol.ee\/ru\/magazin\/hikvision-videofono-uksepaneel-ds-kv9503-wbe1\/","og_locale":"ru_RU","og_type":"article","og_title":"Hikvision Videofono uksepaneel DS-KV9503-WBE1 - Smart Control","og_description":"Metallist vandaalikindel n\u00e4otuvastusega IP uksepaneel   4,3-tolline v\u00e4rviline LCD-ekraan eraldusv\u00f5imega 800 \u00d7 480  2 \u00d7 2 MP kaamera infrapunavalgustusega  \u00dche vajutusega f\u00fc\u00fcsiline nupp mugavamaks helistamiseks  Standardne PoE toide  K\u00f5rgem kaitseklass: IK08 ja IP65  Mitmed autentimisviisid: n\u00e4otuvastus, PIN-kood, kaart, QR-kood, Bluetooth  Helistamine otse Hik-Connect rakendusse ilma sisejaamata  &nbsp;","og_url":"https:\/\/smartcontrol.ee\/ru\/magazin\/hikvision-videofono-uksepaneel-ds-kv9503-wbe1\/","og_site_name":"Smart Control","article_publisher":"https:\/\/www.facebook.com\/smartcontrol4you","schema":{"@context":"https:\/\/schema.org","@graph":[{"@type":"WebPage","@id":"https:\/\/smartcontrol.ee\/ru\/magazin\/hikvision-videofono-uksepaneel-ds-kv9503-wbe1\/","url":"https:\/\/smartcontrol.ee\/ru\/magazin\/hikvision-videofono-uksepaneel-ds-kv9503-wbe1\/","name":"Hikvision Videofono uksepaneel DS-KV9503-WBE1 - Smart Control","isPartOf":{"@id":"https:\/\/smartcontrol.ee\/ru\/#website"},"primaryImageOfPage":{"@id":"https:\/\/smartcontrol.ee\/ru\/magazin\/hikvision-videofono-uksepaneel-ds-kv9503-wbe1\/#primaryimage"},"image":{"@id":"https:\/\/smartcontrol.ee\/ru\/magazin\/hikvision-videofono-uksepaneel-ds-kv9503-wbe1\/#primaryimage"},"thumbnailUrl":"https:\/\/smartcontrol.ee\/wp-content\/uploads\/2026\/04\/Screenshot-2026-04-27-at-12.34.15.jpeg","datePublished":"2026-04-27T09:37:39+00:00","breadcrumb":{"@id":"https:\/\/smartcontrol.ee\/ru\/magazin\/hikvision-videofono-uksepaneel-ds-kv9503-wbe1\/#breadcrumb"},"inLanguage":"ru-RU","potentialAction":[{"@type":"ReadAction","target":["https:\/\/smartcontrol.ee\/ru\/magazin\/hikvision-videofono-uksepaneel-ds-kv9503-wbe1\/"]}]},{"@type":"ImageObject","inLanguage":"ru-RU","@id":"https:\/\/smartcontrol.ee\/ru\/magazin\/hikvision-videofono-uksepaneel-ds-kv9503-wbe1\/#primaryimage","url":"https:\/\/smartcontrol.ee\/wp-content\/uploads\/2026\/04\/Screenshot-2026-04-27-at-12.34.15.jpeg","contentUrl":"https:\/\/smartcontrol.ee\/wp-content\/uploads\/2026\/04\/Screenshot-2026-04-27-at-12.34.15.jpeg","width":774,"height":774,"caption":"Screenshot"},{"@type":"BreadcrumbList","@id":"https:\/\/smartcontrol.ee\/ru\/magazin\/hikvision-videofono-uksepaneel-ds-kv9503-wbe1\/#breadcrumb","itemListElement":[{"@type":"ListItem","position":1,"name":"\u041c\u0430\u0433\u0430\u0437\u0438\u043d","item":"https:\/\/smartcontrol.ee\/ru\/magazin\/"},{"@type":"ListItem","position":2,"name":"Hikvision Videofono uksepaneel DS-KV9503-WBE1"}]},{"@type":"WebSite","@id":"https:\/\/smartcontrol.ee\/ru\/#website","url":"https:\/\/smartcontrol.ee\/ru\/","name":"Smart Control","description":"Nutikodu lahendused","publisher":{"@id":"https:\/\/smartcontrol.ee\/ru\/#organization"},"potentialAction":[{"@type":"SearchAction","target":{"@type":"EntryPoint","urlTemplate":"https:\/\/smartcontrol.ee\/ru\/?s={search_term_string}"},"query-input":{"@type":"PropertyValueSpecification","valueRequired":true,"valueName":"search_term_string"}}],"inLanguage":"ru-RU"},{"@type":"Organization","@id":"https:\/\/smartcontrol.ee\/ru\/#organization","name":"Smart Control","url":"https:\/\/smartcontrol.ee\/ru\/","logo":{"@type":"ImageObject","inLanguage":"ru-RU","@id":"https:\/\/smartcontrol.ee\/ru\/#\/schema\/logo\/image\/","url":"https:\/\/smartcontrol.ee\/wp-content\/uploads\/2024\/01\/SmartControl-296x220-1.png","contentUrl":"https:\/\/smartcontrol.ee\/wp-content\/uploads\/2024\/01\/SmartControl-296x220-1.png","width":296,"height":220,"caption":"Smart Control"},"image":{"@id":"https:\/\/smartcontrol.ee\/ru\/#\/schema\/logo\/image\/"},"sameAs":["https:\/\/www.facebook.com\/smartcontrol4you"]}]}},"_links":{"self":[{"href":"https:\/\/smartcontrol.ee\/ru\/wp-json\/wp\/v2\/product\/13874","targetHints":{"allow":["GET"]}}],"collection":[{"href":"https:\/\/smartcontrol.ee\/ru\/wp-json\/wp\/v2\/product"}],"about":[{"href":"https:\/\/smartcontrol.ee\/ru\/wp-json\/wp\/v2\/types\/product"}],"wp:featuredmedia":[{"embeddable":true,"href":"https:\/\/smartcontrol.ee\/ru\/wp-json\/wp\/v2\/media\/13827"}],"wp:attachment":[{"href":"https:\/\/smartcontrol.ee\/ru\/wp-json\/wp\/v2\/media?parent=13874"}],"wp:term":[{"taxonomy":"product_brand","embeddable":true,"href":"https:\/\/smartcontrol.ee\/ru\/wp-json\/wp\/v2\/product_brand?post=13874"},{"taxonomy":"product_cat","embeddable":true,"href":"https:\/\/smartcontrol.ee\/ru\/wp-json\/wp\/v2\/product_cat?post=13874"},{"taxonomy":"product_tag","embeddable":true,"href":"https:\/\/smartcontrol.ee\/ru\/wp-json\/wp\/v2\/product_tag?post=13874"}],"curies":[{"name":"wp","href":"https:\/\/api.w.org\/{rel}","templated":true}]}}