{"id":13872,"date":"2026-05-04T12:40:32","date_gmt":"2026-05-04T10:40:32","guid":{"rendered":"https:\/\/smartcontrol.ee\/shop\/viveroo-free-ipad-wall-mount\/"},"modified":"2026-05-04T12:40:32","modified_gmt":"2026-05-04T10:40:32","slug":"viveroo-free-ipad-wall-mount","status":"publish","type":"product","link":"https:\/\/smartcontrol.ee\/ru\/magazin\/viveroo-free-ipad-wall-mount\/","title":{"rendered":"Viveroo free iPad wall mount"},"content":{"rendered":"<h3 data-section-id=\"1byc40g\" data-start=\"1849\" data-end=\"1868\">Peamised eelised<\/h3>\n<h4 data-section-id=\"xuy4re\" data-start=\"1870\" data-end=\"1897\">\u2022Lihtne eemaldamine<\/h4>\n<p data-start=\"1898\" data-end=\"2020\">As\u00fcmmeetriline disain v\u00f5imaldab iPadi mugavalt \u00fche k\u00e4ega eemaldada. Lihtne \u00fcleminek seinakasutuselt mobiilsele kasutusele.<\/p>\n<h4 data-section-id=\"13fdcjm\" data-start=\"2022\" data-end=\"2046\">\u2022Pidev laadimine<\/h4>\n<p data-start=\"2047\" data-end=\"2163\">iPad on alati kasutusvalmis &#8212; seade on pidevalt laetud. Paigaldus on kiire ja lihtne t\u00e4nu kaasasolevale komplektile.<\/p>\n<h4 data-section-id=\"1mh6156\" data-start=\"2165\" data-end=\"2190\">\u2022Kaasaegne disain<\/h4>\n<p data-start=\"2191\" data-end=\"2292\">Minimalistlik v\u00e4limus sulandub loomulikult seina ja interj\u00f6\u00f6ri, luues sisseehitatud lahenduse efekti.<\/p>\n<h4 data-section-id=\"1hada0j\" data-start=\"2294\" data-end=\"2325\">\u2022Nutikodu integratsioon<\/h4>\n<p data-start=\"2326\" data-end=\"2419\">iPadist saab mugav juhtimiskeskus: valgustus, turvalisus ja multimeedia on alati k\u00e4eulatuses.<\/p>\n<h4 data-section-id=\"1gi8xqe\" data-start=\"2421\" data-end=\"2453\">\u2022Tulevikukindel lahendus<\/h4>\n<p data-start=\"2454\" data-end=\"2536\">Toetab t\u00e4nap\u00e4evaseid iPadi mudeleid, tagades pikaajalise kasutuse ja paindlikkuse.<\/p>\n<h4 data-section-id=\"65t61e\" data-start=\"2538\" data-end=\"2574\">\u2022V\u00f5rgu\u00fchendus (PoE versioon)<\/h4>\n<p data-start=\"2575\" data-end=\"2688\">PoE versioon tagab stabiilse ja turvalise \u00fchenduse otse kaabli kaudu &#8212; ideaalne professionaalseteks lahendusteks.<\/p>\n<p>&nbsp;<\/p>\n<p><a href=\"https:\/\/smartcontrol.ee\/wp-content\/uploads\/2026\/05\/REV20250515_viveroo_free_operating_instructions.pdf\">REV20250515_viveroo_free_operating_instructions<\/a><\/p>\n<p><a href=\"https:\/\/smartcontrol.ee\/wp-content\/uploads\/2026\/05\/REV20250701_Bohrschablone_free-1.pdf\">REV20250701_Bohrschablone_free-1<\/a><\/p>\n","protected":false},"excerpt":{"rendered":"<h4>Viveroo free iPadi seinakinnitus<\/h4>\n<p data-start=\"1615\" data-end=\"1842\">Viveroo free on premium-klassi iPadi seinakinnitus, mis \u00fchendab minimalistliku disaini, nutika funktsionaalsuse ja nutikodu integratsiooni. Ideaalne kaasaegsetesse interj\u00f6\u00f6ridesse, kus hinnatakse nii esteetikat kui ka mugavust.<\/p>\n<p data-start=\"1615\" data-end=\"1842\">\n","protected":false},"featured_media":13839,"template":"","meta":[],"product_brand":[295],"product_cat":[204],"product_tag":[296],"class_list":{"0":"post-13872","1":"product","2":"type-product","3":"status-publish","4":"has-post-thumbnail","6":"product_brand-viveroo","7":"product_cat-jelementy-dizajna","8":"product_tag-ipad-wall-mount","9":"description-off","11":"first","12":"onbackorder","13":"taxable","14":"shipping-taxable","15":"purchasable","16":"product-type-simple"},"yoast_head":"<!-- This site is optimized with the Yoast SEO plugin v27.4 - https:\/\/yoast.com\/product\/yoast-seo-wordpress\/ -->\n<title>Viveroo free iPad wall mount - Smart Control<\/title>\n<meta name=\"robots\" content=\"index, follow, max-snippet:-1, max-image-preview:large, max-video-preview:-1\" \/>\n<link rel=\"canonical\" href=\"https:\/\/smartcontrol.ee\/ru\/magazin\/viveroo-free-ipad-wall-mount\/\" \/>\n<meta property=\"og:locale\" content=\"ru_RU\" \/>\n<meta property=\"og:type\" content=\"article\" \/>\n<meta property=\"og:title\" content=\"Viveroo free iPad wall mount - Smart Control\" \/>\n<meta property=\"og:description\" content=\"Viveroo free iPadi seinakinnitus Viveroo free on premium-klassi iPadi seinakinnitus, mis \u00fchendab minimalistliku disaini, nutika funktsionaalsuse ja nutikodu integratsiooni. Ideaalne kaasaegsetesse interj\u00f6\u00f6ridesse, kus hinnatakse nii esteetikat kui ka mugavust.\" \/>\n<meta property=\"og:url\" content=\"https:\/\/smartcontrol.ee\/ru\/magazin\/viveroo-free-ipad-wall-mount\/\" \/>\n<meta property=\"og:site_name\" content=\"Smart Control\" \/>\n<meta property=\"article:publisher\" content=\"https:\/\/www.facebook.com\/smartcontrol4you\" \/>\n<script type=\"application\/ld+json\" class=\"yoast-schema-graph\">{\"@context\":\"https:\\\/\\\/schema.org\",\"@graph\":[{\"@type\":\"WebPage\",\"@id\":\"https:\\\/\\\/smartcontrol.ee\\\/ru\\\/magazin\\\/viveroo-free-ipad-wall-mount\\\/\",\"url\":\"https:\\\/\\\/smartcontrol.ee\\\/ru\\\/magazin\\\/viveroo-free-ipad-wall-mount\\\/\",\"name\":\"Viveroo free iPad wall mount - Smart Control\",\"isPartOf\":{\"@id\":\"https:\\\/\\\/smartcontrol.ee\\\/ru\\\/#website\"},\"primaryImageOfPage\":{\"@id\":\"https:\\\/\\\/smartcontrol.ee\\\/ru\\\/magazin\\\/viveroo-free-ipad-wall-mount\\\/#primaryimage\"},\"image\":{\"@id\":\"https:\\\/\\\/smartcontrol.ee\\\/ru\\\/magazin\\\/viveroo-free-ipad-wall-mount\\\/#primaryimage\"},\"thumbnailUrl\":\"https:\\\/\\\/smartcontrol.ee\\\/wp-content\\\/uploads\\\/2026\\\/05\\\/Screenshot-2026-05-04-at-14.01.18.jpeg\",\"datePublished\":\"2026-05-04T10:40:32+00:00\",\"breadcrumb\":{\"@id\":\"https:\\\/\\\/smartcontrol.ee\\\/ru\\\/magazin\\\/viveroo-free-ipad-wall-mount\\\/#breadcrumb\"},\"inLanguage\":\"ru-RU\",\"potentialAction\":[{\"@type\":\"ReadAction\",\"target\":[\"https:\\\/\\\/smartcontrol.ee\\\/ru\\\/magazin\\\/viveroo-free-ipad-wall-mount\\\/\"]}]},{\"@type\":\"ImageObject\",\"inLanguage\":\"ru-RU\",\"@id\":\"https:\\\/\\\/smartcontrol.ee\\\/ru\\\/magazin\\\/viveroo-free-ipad-wall-mount\\\/#primaryimage\",\"url\":\"https:\\\/\\\/smartcontrol.ee\\\/wp-content\\\/uploads\\\/2026\\\/05\\\/Screenshot-2026-05-04-at-14.01.18.jpeg\",\"contentUrl\":\"https:\\\/\\\/smartcontrol.ee\\\/wp-content\\\/uploads\\\/2026\\\/05\\\/Screenshot-2026-05-04-at-14.01.18.jpeg\",\"width\":697,\"height\":697,\"caption\":\"Screenshot\"},{\"@type\":\"BreadcrumbList\",\"@id\":\"https:\\\/\\\/smartcontrol.ee\\\/ru\\\/magazin\\\/viveroo-free-ipad-wall-mount\\\/#breadcrumb\",\"itemListElement\":[{\"@type\":\"ListItem\",\"position\":1,\"name\":\"\u041c\u0430\u0433\u0430\u0437\u0438\u043d\",\"item\":\"https:\\\/\\\/smartcontrol.ee\\\/ru\\\/magazin\\\/\"},{\"@type\":\"ListItem\",\"position\":2,\"name\":\"Viveroo free iPad wall mount\"}]},{\"@type\":\"WebSite\",\"@id\":\"https:\\\/\\\/smartcontrol.ee\\\/ru\\\/#website\",\"url\":\"https:\\\/\\\/smartcontrol.ee\\\/ru\\\/\",\"name\":\"Smart Control\",\"description\":\"Nutikodu lahendused\",\"publisher\":{\"@id\":\"https:\\\/\\\/smartcontrol.ee\\\/ru\\\/#organization\"},\"potentialAction\":[{\"@type\":\"SearchAction\",\"target\":{\"@type\":\"EntryPoint\",\"urlTemplate\":\"https:\\\/\\\/smartcontrol.ee\\\/ru\\\/?s={search_term_string}\"},\"query-input\":{\"@type\":\"PropertyValueSpecification\",\"valueRequired\":true,\"valueName\":\"search_term_string\"}}],\"inLanguage\":\"ru-RU\"},{\"@type\":\"Organization\",\"@id\":\"https:\\\/\\\/smartcontrol.ee\\\/ru\\\/#organization\",\"name\":\"Smart Control\",\"url\":\"https:\\\/\\\/smartcontrol.ee\\\/ru\\\/\",\"logo\":{\"@type\":\"ImageObject\",\"inLanguage\":\"ru-RU\",\"@id\":\"https:\\\/\\\/smartcontrol.ee\\\/ru\\\/#\\\/schema\\\/logo\\\/image\\\/\",\"url\":\"https:\\\/\\\/smartcontrol.ee\\\/wp-content\\\/uploads\\\/2024\\\/01\\\/SmartControl-296x220-1.png\",\"contentUrl\":\"https:\\\/\\\/smartcontrol.ee\\\/wp-content\\\/uploads\\\/2024\\\/01\\\/SmartControl-296x220-1.png\",\"width\":296,\"height\":220,\"caption\":\"Smart Control\"},\"image\":{\"@id\":\"https:\\\/\\\/smartcontrol.ee\\\/ru\\\/#\\\/schema\\\/logo\\\/image\\\/\"},\"sameAs\":[\"https:\\\/\\\/www.facebook.com\\\/smartcontrol4you\"]}]}<\/script>\n<!-- \/ Yoast SEO plugin. -->","yoast_head_json":{"title":"Viveroo free iPad wall mount - Smart Control","robots":{"index":"index","follow":"follow","max-snippet":"max-snippet:-1","max-image-preview":"max-image-preview:large","max-video-preview":"max-video-preview:-1"},"canonical":"https:\/\/smartcontrol.ee\/ru\/magazin\/viveroo-free-ipad-wall-mount\/","og_locale":"ru_RU","og_type":"article","og_title":"Viveroo free iPad wall mount - Smart Control","og_description":"Viveroo free iPadi seinakinnitus Viveroo free on premium-klassi iPadi seinakinnitus, mis \u00fchendab minimalistliku disaini, nutika funktsionaalsuse ja nutikodu integratsiooni. Ideaalne kaasaegsetesse interj\u00f6\u00f6ridesse, kus hinnatakse nii esteetikat kui ka mugavust.","og_url":"https:\/\/smartcontrol.ee\/ru\/magazin\/viveroo-free-ipad-wall-mount\/","og_site_name":"Smart Control","article_publisher":"https:\/\/www.facebook.com\/smartcontrol4you","schema":{"@context":"https:\/\/schema.org","@graph":[{"@type":"WebPage","@id":"https:\/\/smartcontrol.ee\/ru\/magazin\/viveroo-free-ipad-wall-mount\/","url":"https:\/\/smartcontrol.ee\/ru\/magazin\/viveroo-free-ipad-wall-mount\/","name":"Viveroo free iPad wall mount - Smart Control","isPartOf":{"@id":"https:\/\/smartcontrol.ee\/ru\/#website"},"primaryImageOfPage":{"@id":"https:\/\/smartcontrol.ee\/ru\/magazin\/viveroo-free-ipad-wall-mount\/#primaryimage"},"image":{"@id":"https:\/\/smartcontrol.ee\/ru\/magazin\/viveroo-free-ipad-wall-mount\/#primaryimage"},"thumbnailUrl":"https:\/\/smartcontrol.ee\/wp-content\/uploads\/2026\/05\/Screenshot-2026-05-04-at-14.01.18.jpeg","datePublished":"2026-05-04T10:40:32+00:00","breadcrumb":{"@id":"https:\/\/smartcontrol.ee\/ru\/magazin\/viveroo-free-ipad-wall-mount\/#breadcrumb"},"inLanguage":"ru-RU","potentialAction":[{"@type":"ReadAction","target":["https:\/\/smartcontrol.ee\/ru\/magazin\/viveroo-free-ipad-wall-mount\/"]}]},{"@type":"ImageObject","inLanguage":"ru-RU","@id":"https:\/\/smartcontrol.ee\/ru\/magazin\/viveroo-free-ipad-wall-mount\/#primaryimage","url":"https:\/\/smartcontrol.ee\/wp-content\/uploads\/2026\/05\/Screenshot-2026-05-04-at-14.01.18.jpeg","contentUrl":"https:\/\/smartcontrol.ee\/wp-content\/uploads\/2026\/05\/Screenshot-2026-05-04-at-14.01.18.jpeg","width":697,"height":697,"caption":"Screenshot"},{"@type":"BreadcrumbList","@id":"https:\/\/smartcontrol.ee\/ru\/magazin\/viveroo-free-ipad-wall-mount\/#breadcrumb","itemListElement":[{"@type":"ListItem","position":1,"name":"\u041c\u0430\u0433\u0430\u0437\u0438\u043d","item":"https:\/\/smartcontrol.ee\/ru\/magazin\/"},{"@type":"ListItem","position":2,"name":"Viveroo free iPad wall mount"}]},{"@type":"WebSite","@id":"https:\/\/smartcontrol.ee\/ru\/#website","url":"https:\/\/smartcontrol.ee\/ru\/","name":"Smart Control","description":"Nutikodu lahendused","publisher":{"@id":"https:\/\/smartcontrol.ee\/ru\/#organization"},"potentialAction":[{"@type":"SearchAction","target":{"@type":"EntryPoint","urlTemplate":"https:\/\/smartcontrol.ee\/ru\/?s={search_term_string}"},"query-input":{"@type":"PropertyValueSpecification","valueRequired":true,"valueName":"search_term_string"}}],"inLanguage":"ru-RU"},{"@type":"Organization","@id":"https:\/\/smartcontrol.ee\/ru\/#organization","name":"Smart Control","url":"https:\/\/smartcontrol.ee\/ru\/","logo":{"@type":"ImageObject","inLanguage":"ru-RU","@id":"https:\/\/smartcontrol.ee\/ru\/#\/schema\/logo\/image\/","url":"https:\/\/smartcontrol.ee\/wp-content\/uploads\/2024\/01\/SmartControl-296x220-1.png","contentUrl":"https:\/\/smartcontrol.ee\/wp-content\/uploads\/2024\/01\/SmartControl-296x220-1.png","width":296,"height":220,"caption":"Smart Control"},"image":{"@id":"https:\/\/smartcontrol.ee\/ru\/#\/schema\/logo\/image\/"},"sameAs":["https:\/\/www.facebook.com\/smartcontrol4you"]}]}},"_links":{"self":[{"href":"https:\/\/smartcontrol.ee\/ru\/wp-json\/wp\/v2\/product\/13872","targetHints":{"allow":["GET"]}}],"collection":[{"href":"https:\/\/smartcontrol.ee\/ru\/wp-json\/wp\/v2\/product"}],"about":[{"href":"https:\/\/smartcontrol.ee\/ru\/wp-json\/wp\/v2\/types\/product"}],"wp:featuredmedia":[{"embeddable":true,"href":"https:\/\/smartcontrol.ee\/ru\/wp-json\/wp\/v2\/media\/13839"}],"wp:attachment":[{"href":"https:\/\/smartcontrol.ee\/ru\/wp-json\/wp\/v2\/media?parent=13872"}],"wp:term":[{"taxonomy":"product_brand","embeddable":true,"href":"https:\/\/smartcontrol.ee\/ru\/wp-json\/wp\/v2\/product_brand?post=13872"},{"taxonomy":"product_cat","embeddable":true,"href":"https:\/\/smartcontrol.ee\/ru\/wp-json\/wp\/v2\/product_cat?post=13872"},{"taxonomy":"product_tag","embeddable":true,"href":"https:\/\/smartcontrol.ee\/ru\/wp-json\/wp\/v2\/product_tag?post=13872"}],"curies":[{"name":"wp","href":"https:\/\/api.w.org\/{rel}","templated":true}]}}