{"id":13590,"date":"2026-04-06T13:34:48","date_gmt":"2026-04-06T11:34:48","guid":{"rendered":"https:\/\/smartcontrol.ee\/shop\/sony-4k-laserprojektor-vpl-xw5000\/"},"modified":"2026-04-06T13:34:48","modified_gmt":"2026-04-06T11:34:48","slug":"sony-4k-laserprojektor-vpl-xw5000","status":"publish","type":"product","link":"https:\/\/smartcontrol.ee\/ru\/magazin\/sony-4k-laserprojektor-vpl-xw5000\/","title":{"rendered":"Sony 4K 2000lm Laserprojektor VPL-XW5000"},"content":{"rendered":"<ul>\n<li data-start=\"57\" data-end=\"1244\">Naudi kuni <strong>2000-luumenilist<\/strong> eredust, mida pakub vastupidav laservalgusallikas, tagades kirkad ja selged kujutised ka suurel ekraanil.<\/li>\n<li data-start=\"57\" data-end=\"1244\">Uus 0,61-tolline SXRD-paneel v\u00f5imaldab kogeda suurep\u00e4rast heledust, s\u00fcgavaid musti toone, elavaid v\u00e4rve, rikkalikke varjundeid ja tekstuure ning sujuvat, kinolikku liikumist.<\/li>\n<li data-start=\"57\" data-end=\"1244\">Sony uus k\u00f5rge d\u00fcnaamilise ulatusega optika toetab projektori kompaktset \u00fclesehitust ja parandab valguse juhtimist, kasutades laservalgusallika v\u00f5imalusi maksimaalselt \u00e4ra. T\u00e4nu sellele on v\u00e4rvid loomulikud ja intensiivsed ning kontrastsus muljetavaldav ka suure heleduse juures.<\/li>\n<li data-start=\"57\" data-end=\"1244\">X1\u2122 Ultimate protsessor p\u00f5hineb Sony hinnatud BRAVIA telerite videotehnoloogial, t\u00f6\u00f6deldes pilti nutikalt ja optimeerides ekraanil olevaid objekte reaalajas.<\/li>\n<li data-start=\"57\" data-end=\"1244\">Tulemuseks on erakordsed HDR-kujutised, kus detailid, tekstuurid, v\u00e4rvid ja kontrastsus loovad senisest realistlikuma vaatamiskogemuse.<\/li>\n<li data-start=\"57\" data-end=\"1244\">Sony ainulaadne TRILUMINOS PRO algoritm anal\u00fc\u00fcsib v\u00e4rve nende k\u00fcllastuse, tooni ja heleduse p\u00f5hjal, et esitada loomulikud ja t\u00e4psed varjundid igas stseenis.<\/li>\n<li data-start=\"57\" data-end=\"1244\">Peaaegu hooldusvaba puhas laservalgusallikas v\u00f5imaldab nautida kristallselgeid 4K-pilte optimaalse heledusega kuni 20 000 tunni v\u00e4ltel.<\/li>\n<\/ul>\n<p><a href=\"https:\/\/pro.sony\/en_LU\/products\/4k-home-cinema-projectors\/vpl-xw5000es\" target=\"_blank\" rel=\"noopener\">Tehniline info<\/a><\/p>\n","protected":false},"excerpt":{"rendered":"<p class=\"p1\">Sony VPL-XW5000 toob koju t\u00f5elise 4K kinoelamuse \u2013 ere 2000 lm laservalgusallikas, detailne native 4K pilt ja rikkalikud, loomulikud v\u00e4rvid. Kompaktne premium-klassi projektor sobib suurep\u00e4raselt n\u00f5udlikule kodukino f\u00e4nnile.<\/p>\n","protected":false},"featured_media":13313,"template":"","meta":[],"product_brand":[250],"product_cat":[178,194],"product_tag":[251,252],"class_list":{"0":"post-13590","1":"product","2":"type-product","3":"status-publish","4":"has-post-thumbnail","6":"product_brand-sony","7":"product_cat-audio-amp-video","8":"product_cat-proektory","9":"product_tag-4k","10":"product_tag-hdr","11":"description-off","13":"first","14":"onbackorder","15":"taxable","16":"shipping-taxable","17":"purchasable","18":"product-type-variable"},"yoast_head":"<!-- This site is optimized with the Yoast SEO plugin v27.4 - https:\/\/yoast.com\/product\/yoast-seo-wordpress\/ -->\n<title>Sony 4K 2000lm Laserprojektor VPL-XW5000 - Smart Control<\/title>\n<meta name=\"robots\" content=\"index, follow, max-snippet:-1, max-image-preview:large, max-video-preview:-1\" \/>\n<link rel=\"canonical\" href=\"https:\/\/smartcontrol.ee\/ru\/magazin\/sony-4k-laserprojektor-vpl-xw5000\/\" \/>\n<meta property=\"og:locale\" content=\"ru_RU\" \/>\n<meta property=\"og:type\" content=\"article\" \/>\n<meta property=\"og:title\" content=\"Sony 4K 2000lm Laserprojektor VPL-XW5000 - Smart Control\" \/>\n<meta property=\"og:description\" content=\"Sony VPL-XW5000 toob koju t\u00f5elise 4K kinoelamuse \u2013 ere 2000 lm laservalgusallikas, detailne native 4K pilt ja rikkalikud, loomulikud v\u00e4rvid. Kompaktne premium-klassi projektor sobib suurep\u00e4raselt n\u00f5udlikule kodukino f\u00e4nnile.\" \/>\n<meta property=\"og:url\" content=\"https:\/\/smartcontrol.ee\/ru\/magazin\/sony-4k-laserprojektor-vpl-xw5000\/\" \/>\n<meta property=\"og:site_name\" content=\"Smart Control\" \/>\n<meta property=\"article:publisher\" content=\"https:\/\/www.facebook.com\/smartcontrol4you\" \/>\n<script type=\"application\/ld+json\" class=\"yoast-schema-graph\">{\"@context\":\"https:\\\/\\\/schema.org\",\"@graph\":[{\"@type\":\"WebPage\",\"@id\":\"https:\\\/\\\/smartcontrol.ee\\\/ru\\\/magazin\\\/sony-4k-laserprojektor-vpl-xw5000\\\/\",\"url\":\"https:\\\/\\\/smartcontrol.ee\\\/ru\\\/magazin\\\/sony-4k-laserprojektor-vpl-xw5000\\\/\",\"name\":\"Sony 4K 2000lm Laserprojektor VPL-XW5000 - Smart Control\",\"isPartOf\":{\"@id\":\"https:\\\/\\\/smartcontrol.ee\\\/ru\\\/#website\"},\"primaryImageOfPage\":{\"@id\":\"https:\\\/\\\/smartcontrol.ee\\\/ru\\\/magazin\\\/sony-4k-laserprojektor-vpl-xw5000\\\/#primaryimage\"},\"image\":{\"@id\":\"https:\\\/\\\/smartcontrol.ee\\\/ru\\\/magazin\\\/sony-4k-laserprojektor-vpl-xw5000\\\/#primaryimage\"},\"thumbnailUrl\":\"https:\\\/\\\/smartcontrol.ee\\\/wp-content\\\/uploads\\\/2026\\\/04\\\/Screenshot-2026-04-06-at-14.30.12.png\",\"datePublished\":\"2026-04-06T11:34:48+00:00\",\"breadcrumb\":{\"@id\":\"https:\\\/\\\/smartcontrol.ee\\\/ru\\\/magazin\\\/sony-4k-laserprojektor-vpl-xw5000\\\/#breadcrumb\"},\"inLanguage\":\"ru-RU\",\"potentialAction\":[{\"@type\":\"ReadAction\",\"target\":[\"https:\\\/\\\/smartcontrol.ee\\\/ru\\\/magazin\\\/sony-4k-laserprojektor-vpl-xw5000\\\/\"]}]},{\"@type\":\"ImageObject\",\"inLanguage\":\"ru-RU\",\"@id\":\"https:\\\/\\\/smartcontrol.ee\\\/ru\\\/magazin\\\/sony-4k-laserprojektor-vpl-xw5000\\\/#primaryimage\",\"url\":\"https:\\\/\\\/smartcontrol.ee\\\/wp-content\\\/uploads\\\/2026\\\/04\\\/Screenshot-2026-04-06-at-14.30.12.png\",\"contentUrl\":\"https:\\\/\\\/smartcontrol.ee\\\/wp-content\\\/uploads\\\/2026\\\/04\\\/Screenshot-2026-04-06-at-14.30.12.png\",\"width\":1346,\"height\":674},{\"@type\":\"BreadcrumbList\",\"@id\":\"https:\\\/\\\/smartcontrol.ee\\\/ru\\\/magazin\\\/sony-4k-laserprojektor-vpl-xw5000\\\/#breadcrumb\",\"itemListElement\":[{\"@type\":\"ListItem\",\"position\":1,\"name\":\"\u041c\u0430\u0433\u0430\u0437\u0438\u043d\",\"item\":\"https:\\\/\\\/smartcontrol.ee\\\/ru\\\/magazin\\\/\"},{\"@type\":\"ListItem\",\"position\":2,\"name\":\"Sony 4K 2000lm Laserprojektor VPL-XW5000\"}]},{\"@type\":\"WebSite\",\"@id\":\"https:\\\/\\\/smartcontrol.ee\\\/ru\\\/#website\",\"url\":\"https:\\\/\\\/smartcontrol.ee\\\/ru\\\/\",\"name\":\"Smart Control\",\"description\":\"Nutikodu lahendused\",\"publisher\":{\"@id\":\"https:\\\/\\\/smartcontrol.ee\\\/ru\\\/#organization\"},\"potentialAction\":[{\"@type\":\"SearchAction\",\"target\":{\"@type\":\"EntryPoint\",\"urlTemplate\":\"https:\\\/\\\/smartcontrol.ee\\\/ru\\\/?s={search_term_string}\"},\"query-input\":{\"@type\":\"PropertyValueSpecification\",\"valueRequired\":true,\"valueName\":\"search_term_string\"}}],\"inLanguage\":\"ru-RU\"},{\"@type\":\"Organization\",\"@id\":\"https:\\\/\\\/smartcontrol.ee\\\/ru\\\/#organization\",\"name\":\"Smart Control\",\"url\":\"https:\\\/\\\/smartcontrol.ee\\\/ru\\\/\",\"logo\":{\"@type\":\"ImageObject\",\"inLanguage\":\"ru-RU\",\"@id\":\"https:\\\/\\\/smartcontrol.ee\\\/ru\\\/#\\\/schema\\\/logo\\\/image\\\/\",\"url\":\"https:\\\/\\\/smartcontrol.ee\\\/wp-content\\\/uploads\\\/2024\\\/01\\\/SmartControl-296x220-1.png\",\"contentUrl\":\"https:\\\/\\\/smartcontrol.ee\\\/wp-content\\\/uploads\\\/2024\\\/01\\\/SmartControl-296x220-1.png\",\"width\":296,\"height\":220,\"caption\":\"Smart Control\"},\"image\":{\"@id\":\"https:\\\/\\\/smartcontrol.ee\\\/ru\\\/#\\\/schema\\\/logo\\\/image\\\/\"},\"sameAs\":[\"https:\\\/\\\/www.facebook.com\\\/smartcontrol4you\"]}]}<\/script>\n<!-- \/ Yoast SEO plugin. -->","yoast_head_json":{"title":"Sony 4K 2000lm Laserprojektor VPL-XW5000 - Smart Control","robots":{"index":"index","follow":"follow","max-snippet":"max-snippet:-1","max-image-preview":"max-image-preview:large","max-video-preview":"max-video-preview:-1"},"canonical":"https:\/\/smartcontrol.ee\/ru\/magazin\/sony-4k-laserprojektor-vpl-xw5000\/","og_locale":"ru_RU","og_type":"article","og_title":"Sony 4K 2000lm Laserprojektor VPL-XW5000 - Smart Control","og_description":"Sony VPL-XW5000 toob koju t\u00f5elise 4K kinoelamuse \u2013 ere 2000 lm laservalgusallikas, detailne native 4K pilt ja rikkalikud, loomulikud v\u00e4rvid. Kompaktne premium-klassi projektor sobib suurep\u00e4raselt n\u00f5udlikule kodukino f\u00e4nnile.","og_url":"https:\/\/smartcontrol.ee\/ru\/magazin\/sony-4k-laserprojektor-vpl-xw5000\/","og_site_name":"Smart Control","article_publisher":"https:\/\/www.facebook.com\/smartcontrol4you","schema":{"@context":"https:\/\/schema.org","@graph":[{"@type":"WebPage","@id":"https:\/\/smartcontrol.ee\/ru\/magazin\/sony-4k-laserprojektor-vpl-xw5000\/","url":"https:\/\/smartcontrol.ee\/ru\/magazin\/sony-4k-laserprojektor-vpl-xw5000\/","name":"Sony 4K 2000lm Laserprojektor VPL-XW5000 - Smart Control","isPartOf":{"@id":"https:\/\/smartcontrol.ee\/ru\/#website"},"primaryImageOfPage":{"@id":"https:\/\/smartcontrol.ee\/ru\/magazin\/sony-4k-laserprojektor-vpl-xw5000\/#primaryimage"},"image":{"@id":"https:\/\/smartcontrol.ee\/ru\/magazin\/sony-4k-laserprojektor-vpl-xw5000\/#primaryimage"},"thumbnailUrl":"https:\/\/smartcontrol.ee\/wp-content\/uploads\/2026\/04\/Screenshot-2026-04-06-at-14.30.12.png","datePublished":"2026-04-06T11:34:48+00:00","breadcrumb":{"@id":"https:\/\/smartcontrol.ee\/ru\/magazin\/sony-4k-laserprojektor-vpl-xw5000\/#breadcrumb"},"inLanguage":"ru-RU","potentialAction":[{"@type":"ReadAction","target":["https:\/\/smartcontrol.ee\/ru\/magazin\/sony-4k-laserprojektor-vpl-xw5000\/"]}]},{"@type":"ImageObject","inLanguage":"ru-RU","@id":"https:\/\/smartcontrol.ee\/ru\/magazin\/sony-4k-laserprojektor-vpl-xw5000\/#primaryimage","url":"https:\/\/smartcontrol.ee\/wp-content\/uploads\/2026\/04\/Screenshot-2026-04-06-at-14.30.12.png","contentUrl":"https:\/\/smartcontrol.ee\/wp-content\/uploads\/2026\/04\/Screenshot-2026-04-06-at-14.30.12.png","width":1346,"height":674},{"@type":"BreadcrumbList","@id":"https:\/\/smartcontrol.ee\/ru\/magazin\/sony-4k-laserprojektor-vpl-xw5000\/#breadcrumb","itemListElement":[{"@type":"ListItem","position":1,"name":"\u041c\u0430\u0433\u0430\u0437\u0438\u043d","item":"https:\/\/smartcontrol.ee\/ru\/magazin\/"},{"@type":"ListItem","position":2,"name":"Sony 4K 2000lm Laserprojektor VPL-XW5000"}]},{"@type":"WebSite","@id":"https:\/\/smartcontrol.ee\/ru\/#website","url":"https:\/\/smartcontrol.ee\/ru\/","name":"Smart Control","description":"Nutikodu lahendused","publisher":{"@id":"https:\/\/smartcontrol.ee\/ru\/#organization"},"potentialAction":[{"@type":"SearchAction","target":{"@type":"EntryPoint","urlTemplate":"https:\/\/smartcontrol.ee\/ru\/?s={search_term_string}"},"query-input":{"@type":"PropertyValueSpecification","valueRequired":true,"valueName":"search_term_string"}}],"inLanguage":"ru-RU"},{"@type":"Organization","@id":"https:\/\/smartcontrol.ee\/ru\/#organization","name":"Smart Control","url":"https:\/\/smartcontrol.ee\/ru\/","logo":{"@type":"ImageObject","inLanguage":"ru-RU","@id":"https:\/\/smartcontrol.ee\/ru\/#\/schema\/logo\/image\/","url":"https:\/\/smartcontrol.ee\/wp-content\/uploads\/2024\/01\/SmartControl-296x220-1.png","contentUrl":"https:\/\/smartcontrol.ee\/wp-content\/uploads\/2024\/01\/SmartControl-296x220-1.png","width":296,"height":220,"caption":"Smart Control"},"image":{"@id":"https:\/\/smartcontrol.ee\/ru\/#\/schema\/logo\/image\/"},"sameAs":["https:\/\/www.facebook.com\/smartcontrol4you"]}]}},"_links":{"self":[{"href":"https:\/\/smartcontrol.ee\/ru\/wp-json\/wp\/v2\/product\/13590","targetHints":{"allow":["GET"]}}],"collection":[{"href":"https:\/\/smartcontrol.ee\/ru\/wp-json\/wp\/v2\/product"}],"about":[{"href":"https:\/\/smartcontrol.ee\/ru\/wp-json\/wp\/v2\/types\/product"}],"wp:featuredmedia":[{"embeddable":true,"href":"https:\/\/smartcontrol.ee\/ru\/wp-json\/wp\/v2\/media\/13313"}],"wp:attachment":[{"href":"https:\/\/smartcontrol.ee\/ru\/wp-json\/wp\/v2\/media?parent=13590"}],"wp:term":[{"taxonomy":"product_brand","embeddable":true,"href":"https:\/\/smartcontrol.ee\/ru\/wp-json\/wp\/v2\/product_brand?post=13590"},{"taxonomy":"product_cat","embeddable":true,"href":"https:\/\/smartcontrol.ee\/ru\/wp-json\/wp\/v2\/product_cat?post=13590"},{"taxonomy":"product_tag","embeddable":true,"href":"https:\/\/smartcontrol.ee\/ru\/wp-json\/wp\/v2\/product_tag?post=13590"}],"curies":[{"name":"wp","href":"https:\/\/api.w.org\/{rel}","templated":true}]}}