{"id":13586,"date":"2026-04-08T11:48:25","date_gmt":"2026-04-08T09:48:25","guid":{"rendered":"https:\/\/smartcontrol.ee\/shop\/earthquake-granite-10-subwoofer\/"},"modified":"2026-05-03T18:50:26","modified_gmt":"2026-05-03T16:50:26","slug":"earthquake-granite-10-subwoofer","status":"publish","type":"product","link":"https:\/\/smartcontrol.ee\/ru\/magazin\/earthquake-granite-10-subwoofer\/","title":{"rendered":"Earthquake GRANITE 10 Outdoor Subwoofer"},"content":{"rendered":"<p data-start=\"156\" data-end=\"360\"><strong data-start=\"156\" data-end=\"208\">Granite-10 v\u00e4listingimustes kasutatav bassik\u00f5lar<\/strong> on uusim t\u00e4iendus Earthquake\u2019i ROCK-ON k\u00f5lariseeriale.<\/p>\n<p data-start=\"156\" data-end=\"360\">See on spetsiaalselt loodud kivilaadse v\u00e4limusega, mis sulandub h\u00f5lpsasti igasse v\u00e4liskeskkonda.<\/p>\n<p data-start=\"362\" data-end=\"651\">Granite-10 korpus on valmistatud \u00e4\u00e4rmiselt vastupidavast epoks\u00fcvaigust ning UV-kindlatest materjalidest, mist\u00f5ttu sobib see suurep\u00e4raselt ka k\u00f5ige n\u00f5udlikumatesse ilmastikutingimustesse.<\/p>\n<p data-start=\"362\" data-end=\"651\">ROCK-ON Granite-10 bassik\u00f5lar pakub puhast ja loomulikku heli, mis harmoneerub \u00fcmbritseva keskkonnaga.<\/p>\n<p data-start=\"653\" data-end=\"866\">Granite-10 toob teie v\u00e4lialasse t\u00f5elise bassi, mida t\u00e4nap\u00e4eva \u201crock speaker\u201d turul sageli napib.<\/p>\n<p data-start=\"653\" data-end=\"866\">Seade on varustatud spetsiaalse S-kujulise bassirefleksiga, mis aitab v\u00e4ltida vee ja niiskuse kogunemist korpusesse.<\/p>\n<p data-start=\"868\" data-end=\"1099\">Earthquake ROCK-ON Granite-10 sobib ideaalselt bassi lisamiseks nii uutele kui ka olemasolevatele v\u00e4liaudios\u00fcsteemidele.<\/p>\n<p data-start=\"868\" data-end=\"1099\">Korpust on v\u00f5imalik ka eriv\u00e4rvida, et see sobituks teie aia, basseini \u00fcmbruse, esi- v\u00f5i tagahoovi kujundusega.<\/p>\n<p data-start=\"1101\" data-end=\"1184\">Earthquake Granite-10 abil saate muuta iga v\u00e4liala t\u00f5eliseks meelelahutuskeskuseks.<\/p>\n<p data-start=\"1186\" data-end=\"1302\">T\u00e4ieliku 2.1 v\u00e4liaudios\u00fcsteemi loomiseks soovitab Earthquake kasutada Granite-52 bassik\u00f5larit ja XJ-300ST v\u00f5imendit.<\/p>\n<hr \/>\n<h3><\/h3>\n<p><img loading=\"lazy\" decoding=\"async\" class=\"alignnone wp-image-13404\" src=\"https:\/\/smartcontrol.ee\/wp-content\/uploads\/2026\/04\/Screenshot-2026-04-08-at-12.58.46-300x284.png\" alt=\"\" width=\"321\" height=\"304\" srcset=\"https:\/\/smartcontrol.ee\/wp-content\/uploads\/2026\/04\/Screenshot-2026-04-08-at-12.58.46-300x284.png 300w, https:\/\/smartcontrol.ee\/wp-content\/uploads\/2026\/04\/Screenshot-2026-04-08-at-12.58.46-800x758.png 800w, https:\/\/smartcontrol.ee\/wp-content\/uploads\/2026\/04\/Screenshot-2026-04-08-at-12.58.46-768x727.png 768w, https:\/\/smartcontrol.ee\/wp-content\/uploads\/2026\/04\/Screenshot-2026-04-08-at-12.58.46.png 870w\" sizes=\"auto, (max-width: 321px) 100vw, 321px\" \/><\/p>\n<p><a href=\"https:\/\/www.earthquakesound.com\/products\/granite-10-subwoofer?_pos=13&amp;_sid=fe034ae6a&amp;_ss=r\" target=\"_blank\" rel=\"noopener\">T\u00e4psem info ja tehnilised andmed<\/a><\/p>\n","protected":false},"excerpt":{"rendered":"<div class=\"flex flex-col text-sm pb-25\">\n<article class=\"text-token-text-primary w-full focus:outline-none [--shadow-height:45px] has-data-writing-block:pointer-events-none has-data-writing-block:-mt-(--shadow-height) has-data-writing-block:pt-(--shadow-height) [&amp;:has([data-writing-block])&gt;*]:pointer-events-auto scroll-mt-[calc(var(--header-height)+min(200px,max(70px,20svh)))]\" dir=\"auto\" data-turn-id=\"request-WEB:def7477c-48af-411b-8e78-24eee5a56153-2\" data-testid=\"conversation-turn-6\" data-scroll-anchor=\"true\" data-turn=\"assistant\">\n<div class=\"text-base my-auto mx-auto pb-10 [--thread-content-margin:var(--thread-content-margin-xs,calc(var(--spacing)*4))] @w-sm\/main:[--thread-content-margin:var(--thread-content-margin-sm,calc(var(--spacing)*6))] @w-lg\/main:[--thread-content-margin:var(--thread-content-margin-lg,calc(var(--spacing)*16))] px-(--thread-content-margin)\">\n<div class=\"[--thread-content-max-width:40rem] @w-lg\/main:[--thread-content-max-width:48rem] mx-auto max-w-(--thread-content-max-width) flex-1 group\/turn-messages focus-visible:outline-hidden relative flex w-full min-w-0 flex-col agent-turn\">\n<div class=\"flex max-w-full flex-col gap-4 grow\">\n<div class=\"min-h-8 text-message relative flex w-full flex-col items-end gap-2 text-start break-words whitespace-normal [.text-message+&amp;]:mt-1\" dir=\"auto\" data-message-author-role=\"assistant\" data-message-id=\"3a6a1bff-505d-4cbe-81af-0c08f15f12d7\" data-message-model-slug=\"gpt-5-3\">\n<div class=\"flex w-full flex-col gap-1 empty:hidden\">\n<div class=\"markdown prose dark:prose-invert w-full wrap-break-word dark markdown-new-styling\">\n<p data-start=\"890\" data-end=\"1007\" data-is-last-node=\"\" data-is-only-node=\"\">Granite-10 v\u00e4listingimustes kasutatav bassik\u00f5lar.<\/p>\n<p data-start=\"890\" data-end=\"1007\" data-is-last-node=\"\" data-is-only-node=\"\">\n<\/div>\n<\/div>\n<\/div>\n<\/div>\n<\/div>\n<\/div>\n<\/article>\n<\/div>\n","protected":false},"featured_media":13412,"template":"","meta":[],"product_brand":[244],"product_cat":[181,178,184,190],"product_tag":[245,246,233,240],"class_list":{"0":"post-13586","1":"product","2":"type-product","3":"status-publish","4":"has-post-thumbnail","6":"product_brand-earthquake","7":"product_cat-akusticheskie-sistemy","8":"product_cat-audio-amp-video","9":"product_cat-sabvufery","10":"product_cat-ulichnaja-akustika","11":"product_tag-outdoor-audio-system","12":"product_tag-outdoor-subwoofer","13":"product_tag-speakers","14":"product_tag-subwoofer","15":"description-off","17":"first","18":"onbackorder","19":"taxable","20":"shipping-taxable","21":"purchasable","22":"product-type-simple"},"yoast_head":"<!-- This site is optimized with the Yoast SEO plugin v27.4 - https:\/\/yoast.com\/product\/yoast-seo-wordpress\/ -->\n<title>Earthquake GRANITE 10 Outdoor Subwoofer - Smart Control<\/title>\n<meta name=\"robots\" content=\"index, follow, max-snippet:-1, max-image-preview:large, max-video-preview:-1\" \/>\n<link rel=\"canonical\" href=\"https:\/\/smartcontrol.ee\/ru\/magazin\/earthquake-granite-10-subwoofer\/\" \/>\n<meta property=\"og:locale\" content=\"ru_RU\" \/>\n<meta property=\"og:type\" content=\"article\" \/>\n<meta property=\"og:title\" content=\"Earthquake GRANITE 10 Outdoor Subwoofer - Smart Control\" \/>\n<meta property=\"og:description\" content=\"Granite-10 v\u00e4listingimustes kasutatav bassik\u00f5lar.\" \/>\n<meta property=\"og:url\" content=\"https:\/\/smartcontrol.ee\/ru\/magazin\/earthquake-granite-10-subwoofer\/\" \/>\n<meta property=\"og:site_name\" content=\"Smart Control\" \/>\n<meta property=\"article:publisher\" content=\"https:\/\/www.facebook.com\/smartcontrol4you\" \/>\n<meta property=\"article:modified_time\" content=\"2026-05-03T16:50:26+00:00\" \/>\n<meta property=\"og:image\" content=\"https:\/\/smartcontrol.ee\/wp-content\/uploads\/2026\/04\/Granite-10_01_6ab7816f81ca063d6eabb1f79a4fb8f4.jpg.webp\" \/>\n\t<meta property=\"og:image:width\" content=\"1000\" \/>\n\t<meta property=\"og:image:height\" content=\"750\" \/>\n\t<meta property=\"og:image:type\" content=\"image\/webp\" \/>\n<script type=\"application\/ld+json\" class=\"yoast-schema-graph\">{\"@context\":\"https:\\\/\\\/schema.org\",\"@graph\":[{\"@type\":\"WebPage\",\"@id\":\"https:\\\/\\\/smartcontrol.ee\\\/ru\\\/magazin\\\/earthquake-granite-10-subwoofer\\\/\",\"url\":\"https:\\\/\\\/smartcontrol.ee\\\/ru\\\/magazin\\\/earthquake-granite-10-subwoofer\\\/\",\"name\":\"Earthquake GRANITE 10 Outdoor Subwoofer - Smart Control\",\"isPartOf\":{\"@id\":\"https:\\\/\\\/smartcontrol.ee\\\/ru\\\/#website\"},\"primaryImageOfPage\":{\"@id\":\"https:\\\/\\\/smartcontrol.ee\\\/ru\\\/magazin\\\/earthquake-granite-10-subwoofer\\\/#primaryimage\"},\"image\":{\"@id\":\"https:\\\/\\\/smartcontrol.ee\\\/ru\\\/magazin\\\/earthquake-granite-10-subwoofer\\\/#primaryimage\"},\"thumbnailUrl\":\"https:\\\/\\\/smartcontrol.ee\\\/wp-content\\\/uploads\\\/2026\\\/04\\\/Granite-10_01_6ab7816f81ca063d6eabb1f79a4fb8f4.jpg.webp\",\"datePublished\":\"2026-04-08T09:48:25+00:00\",\"dateModified\":\"2026-05-03T16:50:26+00:00\",\"breadcrumb\":{\"@id\":\"https:\\\/\\\/smartcontrol.ee\\\/ru\\\/magazin\\\/earthquake-granite-10-subwoofer\\\/#breadcrumb\"},\"inLanguage\":\"ru-RU\",\"potentialAction\":[{\"@type\":\"ReadAction\",\"target\":[\"https:\\\/\\\/smartcontrol.ee\\\/ru\\\/magazin\\\/earthquake-granite-10-subwoofer\\\/\"]}]},{\"@type\":\"ImageObject\",\"inLanguage\":\"ru-RU\",\"@id\":\"https:\\\/\\\/smartcontrol.ee\\\/ru\\\/magazin\\\/earthquake-granite-10-subwoofer\\\/#primaryimage\",\"url\":\"https:\\\/\\\/smartcontrol.ee\\\/wp-content\\\/uploads\\\/2026\\\/04\\\/Granite-10_01_6ab7816f81ca063d6eabb1f79a4fb8f4.jpg.webp\",\"contentUrl\":\"https:\\\/\\\/smartcontrol.ee\\\/wp-content\\\/uploads\\\/2026\\\/04\\\/Granite-10_01_6ab7816f81ca063d6eabb1f79a4fb8f4.jpg.webp\",\"width\":1000,\"height\":750},{\"@type\":\"BreadcrumbList\",\"@id\":\"https:\\\/\\\/smartcontrol.ee\\\/ru\\\/magazin\\\/earthquake-granite-10-subwoofer\\\/#breadcrumb\",\"itemListElement\":[{\"@type\":\"ListItem\",\"position\":1,\"name\":\"\u041c\u0430\u0433\u0430\u0437\u0438\u043d\",\"item\":\"https:\\\/\\\/smartcontrol.ee\\\/ru\\\/magazin\\\/\"},{\"@type\":\"ListItem\",\"position\":2,\"name\":\"Earthquake GRANITE 10 Outdoor Subwoofer\"}]},{\"@type\":\"WebSite\",\"@id\":\"https:\\\/\\\/smartcontrol.ee\\\/ru\\\/#website\",\"url\":\"https:\\\/\\\/smartcontrol.ee\\\/ru\\\/\",\"name\":\"Smart Control\",\"description\":\"Nutikodu lahendused\",\"publisher\":{\"@id\":\"https:\\\/\\\/smartcontrol.ee\\\/ru\\\/#organization\"},\"potentialAction\":[{\"@type\":\"SearchAction\",\"target\":{\"@type\":\"EntryPoint\",\"urlTemplate\":\"https:\\\/\\\/smartcontrol.ee\\\/ru\\\/?s={search_term_string}\"},\"query-input\":{\"@type\":\"PropertyValueSpecification\",\"valueRequired\":true,\"valueName\":\"search_term_string\"}}],\"inLanguage\":\"ru-RU\"},{\"@type\":\"Organization\",\"@id\":\"https:\\\/\\\/smartcontrol.ee\\\/ru\\\/#organization\",\"name\":\"Smart Control\",\"url\":\"https:\\\/\\\/smartcontrol.ee\\\/ru\\\/\",\"logo\":{\"@type\":\"ImageObject\",\"inLanguage\":\"ru-RU\",\"@id\":\"https:\\\/\\\/smartcontrol.ee\\\/ru\\\/#\\\/schema\\\/logo\\\/image\\\/\",\"url\":\"https:\\\/\\\/smartcontrol.ee\\\/wp-content\\\/uploads\\\/2024\\\/01\\\/SmartControl-296x220-1.png\",\"contentUrl\":\"https:\\\/\\\/smartcontrol.ee\\\/wp-content\\\/uploads\\\/2024\\\/01\\\/SmartControl-296x220-1.png\",\"width\":296,\"height\":220,\"caption\":\"Smart Control\"},\"image\":{\"@id\":\"https:\\\/\\\/smartcontrol.ee\\\/ru\\\/#\\\/schema\\\/logo\\\/image\\\/\"},\"sameAs\":[\"https:\\\/\\\/www.facebook.com\\\/smartcontrol4you\"]}]}<\/script>\n<!-- \/ Yoast SEO plugin. -->","yoast_head_json":{"title":"Earthquake GRANITE 10 Outdoor Subwoofer - Smart Control","robots":{"index":"index","follow":"follow","max-snippet":"max-snippet:-1","max-image-preview":"max-image-preview:large","max-video-preview":"max-video-preview:-1"},"canonical":"https:\/\/smartcontrol.ee\/ru\/magazin\/earthquake-granite-10-subwoofer\/","og_locale":"ru_RU","og_type":"article","og_title":"Earthquake GRANITE 10 Outdoor Subwoofer - Smart Control","og_description":"Granite-10 v\u00e4listingimustes kasutatav bassik\u00f5lar.","og_url":"https:\/\/smartcontrol.ee\/ru\/magazin\/earthquake-granite-10-subwoofer\/","og_site_name":"Smart Control","article_publisher":"https:\/\/www.facebook.com\/smartcontrol4you","article_modified_time":"2026-05-03T16:50:26+00:00","og_image":[{"width":1000,"height":750,"url":"https:\/\/smartcontrol.ee\/wp-content\/uploads\/2026\/04\/Granite-10_01_6ab7816f81ca063d6eabb1f79a4fb8f4.jpg.webp","type":"image\/webp"}],"schema":{"@context":"https:\/\/schema.org","@graph":[{"@type":"WebPage","@id":"https:\/\/smartcontrol.ee\/ru\/magazin\/earthquake-granite-10-subwoofer\/","url":"https:\/\/smartcontrol.ee\/ru\/magazin\/earthquake-granite-10-subwoofer\/","name":"Earthquake GRANITE 10 Outdoor Subwoofer - Smart Control","isPartOf":{"@id":"https:\/\/smartcontrol.ee\/ru\/#website"},"primaryImageOfPage":{"@id":"https:\/\/smartcontrol.ee\/ru\/magazin\/earthquake-granite-10-subwoofer\/#primaryimage"},"image":{"@id":"https:\/\/smartcontrol.ee\/ru\/magazin\/earthquake-granite-10-subwoofer\/#primaryimage"},"thumbnailUrl":"https:\/\/smartcontrol.ee\/wp-content\/uploads\/2026\/04\/Granite-10_01_6ab7816f81ca063d6eabb1f79a4fb8f4.jpg.webp","datePublished":"2026-04-08T09:48:25+00:00","dateModified":"2026-05-03T16:50:26+00:00","breadcrumb":{"@id":"https:\/\/smartcontrol.ee\/ru\/magazin\/earthquake-granite-10-subwoofer\/#breadcrumb"},"inLanguage":"ru-RU","potentialAction":[{"@type":"ReadAction","target":["https:\/\/smartcontrol.ee\/ru\/magazin\/earthquake-granite-10-subwoofer\/"]}]},{"@type":"ImageObject","inLanguage":"ru-RU","@id":"https:\/\/smartcontrol.ee\/ru\/magazin\/earthquake-granite-10-subwoofer\/#primaryimage","url":"https:\/\/smartcontrol.ee\/wp-content\/uploads\/2026\/04\/Granite-10_01_6ab7816f81ca063d6eabb1f79a4fb8f4.jpg.webp","contentUrl":"https:\/\/smartcontrol.ee\/wp-content\/uploads\/2026\/04\/Granite-10_01_6ab7816f81ca063d6eabb1f79a4fb8f4.jpg.webp","width":1000,"height":750},{"@type":"BreadcrumbList","@id":"https:\/\/smartcontrol.ee\/ru\/magazin\/earthquake-granite-10-subwoofer\/#breadcrumb","itemListElement":[{"@type":"ListItem","position":1,"name":"\u041c\u0430\u0433\u0430\u0437\u0438\u043d","item":"https:\/\/smartcontrol.ee\/ru\/magazin\/"},{"@type":"ListItem","position":2,"name":"Earthquake GRANITE 10 Outdoor Subwoofer"}]},{"@type":"WebSite","@id":"https:\/\/smartcontrol.ee\/ru\/#website","url":"https:\/\/smartcontrol.ee\/ru\/","name":"Smart Control","description":"Nutikodu lahendused","publisher":{"@id":"https:\/\/smartcontrol.ee\/ru\/#organization"},"potentialAction":[{"@type":"SearchAction","target":{"@type":"EntryPoint","urlTemplate":"https:\/\/smartcontrol.ee\/ru\/?s={search_term_string}"},"query-input":{"@type":"PropertyValueSpecification","valueRequired":true,"valueName":"search_term_string"}}],"inLanguage":"ru-RU"},{"@type":"Organization","@id":"https:\/\/smartcontrol.ee\/ru\/#organization","name":"Smart Control","url":"https:\/\/smartcontrol.ee\/ru\/","logo":{"@type":"ImageObject","inLanguage":"ru-RU","@id":"https:\/\/smartcontrol.ee\/ru\/#\/schema\/logo\/image\/","url":"https:\/\/smartcontrol.ee\/wp-content\/uploads\/2024\/01\/SmartControl-296x220-1.png","contentUrl":"https:\/\/smartcontrol.ee\/wp-content\/uploads\/2024\/01\/SmartControl-296x220-1.png","width":296,"height":220,"caption":"Smart Control"},"image":{"@id":"https:\/\/smartcontrol.ee\/ru\/#\/schema\/logo\/image\/"},"sameAs":["https:\/\/www.facebook.com\/smartcontrol4you"]}]}},"_links":{"self":[{"href":"https:\/\/smartcontrol.ee\/ru\/wp-json\/wp\/v2\/product\/13586","targetHints":{"allow":["GET"]}}],"collection":[{"href":"https:\/\/smartcontrol.ee\/ru\/wp-json\/wp\/v2\/product"}],"about":[{"href":"https:\/\/smartcontrol.ee\/ru\/wp-json\/wp\/v2\/types\/product"}],"wp:featuredmedia":[{"embeddable":true,"href":"https:\/\/smartcontrol.ee\/ru\/wp-json\/wp\/v2\/media\/13412"}],"wp:attachment":[{"href":"https:\/\/smartcontrol.ee\/ru\/wp-json\/wp\/v2\/media?parent=13586"}],"wp:term":[{"taxonomy":"product_brand","embeddable":true,"href":"https:\/\/smartcontrol.ee\/ru\/wp-json\/wp\/v2\/product_brand?post=13586"},{"taxonomy":"product_cat","embeddable":true,"href":"https:\/\/smartcontrol.ee\/ru\/wp-json\/wp\/v2\/product_cat?post=13586"},{"taxonomy":"product_tag","embeddable":true,"href":"https:\/\/smartcontrol.ee\/ru\/wp-json\/wp\/v2\/product_tag?post=13586"}],"curies":[{"name":"wp","href":"https:\/\/api.w.org\/{rel}","templated":true}]}}