{"id":13582,"date":"2026-04-15T13:49:11","date_gmt":"2026-04-15T11:49:11","guid":{"rendered":"https:\/\/smartcontrol.ee\/shop\/denon-avc-x3800h-9-4-kanaliga-kodukinoressiiver\/"},"modified":"2026-04-15T13:49:11","modified_gmt":"2026-04-15T11:49:11","slug":"denon-avc-x3800h-9-4-kanaliga-kodukinoressiiver","status":"publish","type":"product","link":"https:\/\/smartcontrol.ee\/ru\/magazin\/denon-avc-x3800h-9-4-kanaliga-kodukinoressiiver\/","title":{"rendered":"Denon AVC-X3800H-9.4 kanaliga kodukino v\u00f5imendi-ressiiver"},"content":{"rendered":"<h4 data-section-id=\"1qjs33c\" data-start=\"950\" data-end=\"983\">Heli, mis muudab sinu ruumi<\/h4>\n<p data-start=\"984\" data-end=\"1122\">Naudi uut helielamuse taset t\u00e4nu Dolby Atmos ja DTS:X toele. K\u00f5rguskanalid loovad heli ka sinu kohal, viies sind otse s\u00fcndmuste keskmesse.<\/p>\n<h4 data-section-id=\"bsx9kn\" data-start=\"1124\" data-end=\"1160\">V\u00f5imsus, t\u00e4psus ja paindlikkus<\/h4>\n<p data-start=\"1161\" data-end=\"1437\">105 W kanali kohta ja 9.4 kanalit tagavad toe Dolby Atmos, DTS:X, IMAX Enhanced ja Auro-3D tehnoloogiatele, pakkudes muljetavaldavat 3D-heli.<br data-start=\"1302\" data-end=\"1305\" \/>Kuus 8K HDMI sisendit ja kolm HDMI v\u00e4ljundit v\u00f5imaldavad \u00fchendada teleri, projektori ja muud seadmed maksimaalse paindlikkuse jaoks.<\/p>\n<h4 data-section-id=\"jfkegb\" data-start=\"1439\" data-end=\"1471\">\u00dcmbritsev heli igas ruumis<\/h4>\n<p data-start=\"1472\" data-end=\"1690\">105 W kanali kohta ja 9.4 kanalit pakuvad d\u00fcnaamilist ning k\u00f5rgekvaliteedilist heli.<br data-start=\"1556\" data-end=\"1559\" \/>S\u00f5ltumatu bassik\u00f5larite juhtimine tagab s\u00fcgava ja tasakaalustatud bassi kogu ruumis, luues t\u00f5eliselt kaasahaarava kuulamiskogemuse.<\/p>\n<h4>Tehnilised andmed<\/h4>\n<table style=\"height: 66px\" width=\"365\">\n<thead>\n<tr>\n<th>Funktsioon<\/th>\n<th>V\u00e4\u00e4rtus<\/th>\n<\/tr>\n<\/thead>\n<tbody>\n<tr>\n<td>V\u00f5imendikanalite arv<\/td>\n<td>9<\/td>\n<\/tr>\n<tr>\n<td>V\u00e4ljundv\u00f5imsus (8 oomi, 20 Hz \u2013 20 kHz, 0.08%, 2 kanalit)<\/td>\n<td>105 W<\/td>\n<\/tr>\n<tr>\n<td>V\u00e4ljundv\u00f5imsus (6 oomi, 1 kHz, 0.7%, 2 kanalit)<\/td>\n<td>135 W<\/td>\n<\/tr>\n<tr>\n<td>V\u00e4ljundv\u00f5imsus (6 oomi, 1 kHz, 10%, 1 kanal)<\/td>\n<td>180 W<\/td>\n<\/tr>\n<\/tbody>\n<\/table>\n<p>&nbsp;<\/p>\n<p><a href=\"https:\/\/www.denon.com\/en\/product\/av-receivers\/avc-x3800h\/AVCX3800H.html#compare\">T\u00e4psem info ja tehnilised andmed<\/a><\/p>\n","protected":false},"excerpt":{"rendered":"<p data-start=\"0\" data-end=\"308\">Denon 9.4 kanaliga kodukino v\u00f5imendi-ressiiver<\/p>\n<p data-start=\"0\" data-end=\"308\">9 kanaliga v\u00f5imendus, kuni 4 s\u00f5ltumatu bassik\u00f5lariga, Dolby Atmos ja DTS:X tugi ning IMAX Enhanced ja Auro-3D tehnoloogiad t\u00e4idavad suuremad eluruumid kinokvaliteediga heliga. Naudi suurep\u00e4rast 8K videopilti ning HEOS\u00ae Built-in abil saad juhtmevabalt voogedastada ja jagada veebimuusikat erinevates ruumides.<\/p>\n<ul data-start=\"310\" data-end=\"416\" data-is-last-node=\"\" data-is-only-node=\"\">\n<li data-section-id=\"1t85wu7\" data-start=\"310\" data-end=\"325\">9.4 kanalit<\/li>\n<li data-section-id=\"9vzvf\" data-start=\"326\" data-end=\"352\">105 vatti kanali kohta<\/li>\n<li data-section-id=\"1t8byax\" data-start=\"353\" data-end=\"368\">8K Ultra HD<\/li>\n<li data-section-id=\"vf3x2v\" data-start=\"369\" data-end=\"380\">3D heli<\/li>\n<li data-section-id=\"g4puwl\" data-start=\"381\" data-end=\"398\">HEOS Built-in<\/li>\n<li data-section-id=\"1p197f1\" data-start=\"399\" data-end=\"416\" data-is-last-node=\"\">6 HDMI sisendit<\/li>\n<\/ul>\n","protected":false},"featured_media":13516,"template":"","meta":[],"product_brand":[238],"product_cat":[178,195],"product_tag":[239,240],"class_list":{"0":"post-13582","1":"product","2":"type-product","3":"status-publish","4":"has-post-thumbnail","6":"product_brand-denon","7":"product_cat-audio-amp-video","8":"product_cat-resivery-i-usiliteli","9":"product_tag-receiver","10":"product_tag-subwoofer","11":"description-off","13":"first","14":"onbackorder","15":"taxable","16":"shipping-taxable","17":"purchasable","18":"product-type-simple"},"yoast_head":"<!-- This site is optimized with the Yoast SEO plugin v27.4 - https:\/\/yoast.com\/product\/yoast-seo-wordpress\/ -->\n<title>Denon AVC-X3800H-9.4 kanaliga kodukino v\u00f5imendi-ressiiver - Smart Control<\/title>\n<meta name=\"robots\" content=\"index, follow, max-snippet:-1, max-image-preview:large, max-video-preview:-1\" \/>\n<link rel=\"canonical\" href=\"https:\/\/smartcontrol.ee\/ru\/magazin\/denon-avc-x3800h-9-4-kanaliga-kodukinoressiiver\/\" \/>\n<meta property=\"og:locale\" content=\"ru_RU\" \/>\n<meta property=\"og:type\" content=\"article\" \/>\n<meta property=\"og:title\" content=\"Denon AVC-X3800H-9.4 kanaliga kodukino v\u00f5imendi-ressiiver - Smart Control\" \/>\n<meta property=\"og:description\" content=\"Denon 9.4 kanaliga kodukino v\u00f5imendi-ressiiver 9 kanaliga v\u00f5imendus, kuni 4 s\u00f5ltumatu bassik\u00f5lariga, Dolby Atmos ja DTS:X tugi ning IMAX Enhanced ja Auro-3D tehnoloogiad t\u00e4idavad suuremad eluruumid kinokvaliteediga heliga. Naudi suurep\u00e4rast 8K videopilti ning HEOS\u00ae Built-in abil saad juhtmevabalt voogedastada ja jagada veebimuusikat erinevates ruumides.    9.4 kanalit  105 vatti kanali kohta  8K Ultra HD  3D heli  HEOS Built-in  6 HDMI sisendit\" \/>\n<meta property=\"og:url\" content=\"https:\/\/smartcontrol.ee\/ru\/magazin\/denon-avc-x3800h-9-4-kanaliga-kodukinoressiiver\/\" \/>\n<meta property=\"og:site_name\" content=\"Smart Control\" \/>\n<meta property=\"article:publisher\" content=\"https:\/\/www.facebook.com\/smartcontrol4you\" \/>\n<script type=\"application\/ld+json\" class=\"yoast-schema-graph\">{\"@context\":\"https:\\\/\\\/schema.org\",\"@graph\":[{\"@type\":\"WebPage\",\"@id\":\"https:\\\/\\\/smartcontrol.ee\\\/ru\\\/magazin\\\/denon-avc-x3800h-9-4-kanaliga-kodukinoressiiver\\\/\",\"url\":\"https:\\\/\\\/smartcontrol.ee\\\/ru\\\/magazin\\\/denon-avc-x3800h-9-4-kanaliga-kodukinoressiiver\\\/\",\"name\":\"Denon AVC-X3800H-9.4 kanaliga kodukino v\u00f5imendi-ressiiver - Smart Control\",\"isPartOf\":{\"@id\":\"https:\\\/\\\/smartcontrol.ee\\\/ru\\\/#website\"},\"primaryImageOfPage\":{\"@id\":\"https:\\\/\\\/smartcontrol.ee\\\/ru\\\/magazin\\\/denon-avc-x3800h-9-4-kanaliga-kodukinoressiiver\\\/#primaryimage\"},\"image\":{\"@id\":\"https:\\\/\\\/smartcontrol.ee\\\/ru\\\/magazin\\\/denon-avc-x3800h-9-4-kanaliga-kodukinoressiiver\\\/#primaryimage\"},\"thumbnailUrl\":\"https:\\\/\\\/smartcontrol.ee\\\/wp-content\\\/uploads\\\/2026\\\/04\\\/AVC-X3800H_scene-angle.webp\",\"datePublished\":\"2026-04-15T11:49:11+00:00\",\"breadcrumb\":{\"@id\":\"https:\\\/\\\/smartcontrol.ee\\\/ru\\\/magazin\\\/denon-avc-x3800h-9-4-kanaliga-kodukinoressiiver\\\/#breadcrumb\"},\"inLanguage\":\"ru-RU\",\"potentialAction\":[{\"@type\":\"ReadAction\",\"target\":[\"https:\\\/\\\/smartcontrol.ee\\\/ru\\\/magazin\\\/denon-avc-x3800h-9-4-kanaliga-kodukinoressiiver\\\/\"]}]},{\"@type\":\"ImageObject\",\"inLanguage\":\"ru-RU\",\"@id\":\"https:\\\/\\\/smartcontrol.ee\\\/ru\\\/magazin\\\/denon-avc-x3800h-9-4-kanaliga-kodukinoressiiver\\\/#primaryimage\",\"url\":\"https:\\\/\\\/smartcontrol.ee\\\/wp-content\\\/uploads\\\/2026\\\/04\\\/AVC-X3800H_scene-angle.webp\",\"contentUrl\":\"https:\\\/\\\/smartcontrol.ee\\\/wp-content\\\/uploads\\\/2026\\\/04\\\/AVC-X3800H_scene-angle.webp\",\"width\":2160,\"height\":1620},{\"@type\":\"BreadcrumbList\",\"@id\":\"https:\\\/\\\/smartcontrol.ee\\\/ru\\\/magazin\\\/denon-avc-x3800h-9-4-kanaliga-kodukinoressiiver\\\/#breadcrumb\",\"itemListElement\":[{\"@type\":\"ListItem\",\"position\":1,\"name\":\"\u041c\u0430\u0433\u0430\u0437\u0438\u043d\",\"item\":\"https:\\\/\\\/smartcontrol.ee\\\/ru\\\/magazin\\\/\"},{\"@type\":\"ListItem\",\"position\":2,\"name\":\"Denon AVC-X3800H-9.4 kanaliga kodukino v\u00f5imendi-ressiiver\"}]},{\"@type\":\"WebSite\",\"@id\":\"https:\\\/\\\/smartcontrol.ee\\\/ru\\\/#website\",\"url\":\"https:\\\/\\\/smartcontrol.ee\\\/ru\\\/\",\"name\":\"Smart Control\",\"description\":\"Nutikodu lahendused\",\"publisher\":{\"@id\":\"https:\\\/\\\/smartcontrol.ee\\\/ru\\\/#organization\"},\"potentialAction\":[{\"@type\":\"SearchAction\",\"target\":{\"@type\":\"EntryPoint\",\"urlTemplate\":\"https:\\\/\\\/smartcontrol.ee\\\/ru\\\/?s={search_term_string}\"},\"query-input\":{\"@type\":\"PropertyValueSpecification\",\"valueRequired\":true,\"valueName\":\"search_term_string\"}}],\"inLanguage\":\"ru-RU\"},{\"@type\":\"Organization\",\"@id\":\"https:\\\/\\\/smartcontrol.ee\\\/ru\\\/#organization\",\"name\":\"Smart Control\",\"url\":\"https:\\\/\\\/smartcontrol.ee\\\/ru\\\/\",\"logo\":{\"@type\":\"ImageObject\",\"inLanguage\":\"ru-RU\",\"@id\":\"https:\\\/\\\/smartcontrol.ee\\\/ru\\\/#\\\/schema\\\/logo\\\/image\\\/\",\"url\":\"https:\\\/\\\/smartcontrol.ee\\\/wp-content\\\/uploads\\\/2024\\\/01\\\/SmartControl-296x220-1.png\",\"contentUrl\":\"https:\\\/\\\/smartcontrol.ee\\\/wp-content\\\/uploads\\\/2024\\\/01\\\/SmartControl-296x220-1.png\",\"width\":296,\"height\":220,\"caption\":\"Smart Control\"},\"image\":{\"@id\":\"https:\\\/\\\/smartcontrol.ee\\\/ru\\\/#\\\/schema\\\/logo\\\/image\\\/\"},\"sameAs\":[\"https:\\\/\\\/www.facebook.com\\\/smartcontrol4you\"]}]}<\/script>\n<!-- \/ Yoast SEO plugin. -->","yoast_head_json":{"title":"Denon AVC-X3800H-9.4 kanaliga kodukino v\u00f5imendi-ressiiver - Smart Control","robots":{"index":"index","follow":"follow","max-snippet":"max-snippet:-1","max-image-preview":"max-image-preview:large","max-video-preview":"max-video-preview:-1"},"canonical":"https:\/\/smartcontrol.ee\/ru\/magazin\/denon-avc-x3800h-9-4-kanaliga-kodukinoressiiver\/","og_locale":"ru_RU","og_type":"article","og_title":"Denon AVC-X3800H-9.4 kanaliga kodukino v\u00f5imendi-ressiiver - Smart Control","og_description":"Denon 9.4 kanaliga kodukino v\u00f5imendi-ressiiver 9 kanaliga v\u00f5imendus, kuni 4 s\u00f5ltumatu bassik\u00f5lariga, Dolby Atmos ja DTS:X tugi ning IMAX Enhanced ja Auro-3D tehnoloogiad t\u00e4idavad suuremad eluruumid kinokvaliteediga heliga. Naudi suurep\u00e4rast 8K videopilti ning HEOS\u00ae Built-in abil saad juhtmevabalt voogedastada ja jagada veebimuusikat erinevates ruumides.    9.4 kanalit  105 vatti kanali kohta  8K Ultra HD  3D heli  HEOS Built-in  6 HDMI sisendit","og_url":"https:\/\/smartcontrol.ee\/ru\/magazin\/denon-avc-x3800h-9-4-kanaliga-kodukinoressiiver\/","og_site_name":"Smart Control","article_publisher":"https:\/\/www.facebook.com\/smartcontrol4you","schema":{"@context":"https:\/\/schema.org","@graph":[{"@type":"WebPage","@id":"https:\/\/smartcontrol.ee\/ru\/magazin\/denon-avc-x3800h-9-4-kanaliga-kodukinoressiiver\/","url":"https:\/\/smartcontrol.ee\/ru\/magazin\/denon-avc-x3800h-9-4-kanaliga-kodukinoressiiver\/","name":"Denon AVC-X3800H-9.4 kanaliga kodukino v\u00f5imendi-ressiiver - Smart Control","isPartOf":{"@id":"https:\/\/smartcontrol.ee\/ru\/#website"},"primaryImageOfPage":{"@id":"https:\/\/smartcontrol.ee\/ru\/magazin\/denon-avc-x3800h-9-4-kanaliga-kodukinoressiiver\/#primaryimage"},"image":{"@id":"https:\/\/smartcontrol.ee\/ru\/magazin\/denon-avc-x3800h-9-4-kanaliga-kodukinoressiiver\/#primaryimage"},"thumbnailUrl":"https:\/\/smartcontrol.ee\/wp-content\/uploads\/2026\/04\/AVC-X3800H_scene-angle.webp","datePublished":"2026-04-15T11:49:11+00:00","breadcrumb":{"@id":"https:\/\/smartcontrol.ee\/ru\/magazin\/denon-avc-x3800h-9-4-kanaliga-kodukinoressiiver\/#breadcrumb"},"inLanguage":"ru-RU","potentialAction":[{"@type":"ReadAction","target":["https:\/\/smartcontrol.ee\/ru\/magazin\/denon-avc-x3800h-9-4-kanaliga-kodukinoressiiver\/"]}]},{"@type":"ImageObject","inLanguage":"ru-RU","@id":"https:\/\/smartcontrol.ee\/ru\/magazin\/denon-avc-x3800h-9-4-kanaliga-kodukinoressiiver\/#primaryimage","url":"https:\/\/smartcontrol.ee\/wp-content\/uploads\/2026\/04\/AVC-X3800H_scene-angle.webp","contentUrl":"https:\/\/smartcontrol.ee\/wp-content\/uploads\/2026\/04\/AVC-X3800H_scene-angle.webp","width":2160,"height":1620},{"@type":"BreadcrumbList","@id":"https:\/\/smartcontrol.ee\/ru\/magazin\/denon-avc-x3800h-9-4-kanaliga-kodukinoressiiver\/#breadcrumb","itemListElement":[{"@type":"ListItem","position":1,"name":"\u041c\u0430\u0433\u0430\u0437\u0438\u043d","item":"https:\/\/smartcontrol.ee\/ru\/magazin\/"},{"@type":"ListItem","position":2,"name":"Denon AVC-X3800H-9.4 kanaliga kodukino v\u00f5imendi-ressiiver"}]},{"@type":"WebSite","@id":"https:\/\/smartcontrol.ee\/ru\/#website","url":"https:\/\/smartcontrol.ee\/ru\/","name":"Smart Control","description":"Nutikodu lahendused","publisher":{"@id":"https:\/\/smartcontrol.ee\/ru\/#organization"},"potentialAction":[{"@type":"SearchAction","target":{"@type":"EntryPoint","urlTemplate":"https:\/\/smartcontrol.ee\/ru\/?s={search_term_string}"},"query-input":{"@type":"PropertyValueSpecification","valueRequired":true,"valueName":"search_term_string"}}],"inLanguage":"ru-RU"},{"@type":"Organization","@id":"https:\/\/smartcontrol.ee\/ru\/#organization","name":"Smart Control","url":"https:\/\/smartcontrol.ee\/ru\/","logo":{"@type":"ImageObject","inLanguage":"ru-RU","@id":"https:\/\/smartcontrol.ee\/ru\/#\/schema\/logo\/image\/","url":"https:\/\/smartcontrol.ee\/wp-content\/uploads\/2024\/01\/SmartControl-296x220-1.png","contentUrl":"https:\/\/smartcontrol.ee\/wp-content\/uploads\/2024\/01\/SmartControl-296x220-1.png","width":296,"height":220,"caption":"Smart Control"},"image":{"@id":"https:\/\/smartcontrol.ee\/ru\/#\/schema\/logo\/image\/"},"sameAs":["https:\/\/www.facebook.com\/smartcontrol4you"]}]}},"_links":{"self":[{"href":"https:\/\/smartcontrol.ee\/ru\/wp-json\/wp\/v2\/product\/13582","targetHints":{"allow":["GET"]}}],"collection":[{"href":"https:\/\/smartcontrol.ee\/ru\/wp-json\/wp\/v2\/product"}],"about":[{"href":"https:\/\/smartcontrol.ee\/ru\/wp-json\/wp\/v2\/types\/product"}],"wp:featuredmedia":[{"embeddable":true,"href":"https:\/\/smartcontrol.ee\/ru\/wp-json\/wp\/v2\/media\/13516"}],"wp:attachment":[{"href":"https:\/\/smartcontrol.ee\/ru\/wp-json\/wp\/v2\/media?parent=13582"}],"wp:term":[{"taxonomy":"product_brand","embeddable":true,"href":"https:\/\/smartcontrol.ee\/ru\/wp-json\/wp\/v2\/product_brand?post=13582"},{"taxonomy":"product_cat","embeddable":true,"href":"https:\/\/smartcontrol.ee\/ru\/wp-json\/wp\/v2\/product_cat?post=13582"},{"taxonomy":"product_tag","embeddable":true,"href":"https:\/\/smartcontrol.ee\/ru\/wp-json\/wp\/v2\/product_tag?post=13582"}],"curies":[{"name":"wp","href":"https:\/\/api.w.org\/{rel}","templated":true}]}}